{"id":2957,"date":"2017-06-01T08:35:44","date_gmt":"2017-06-01T08:35:44","guid":{"rendered":"https:\/\/www.ristorante-4fiumi.com\/about\/"},"modified":"2020-01-14T21:39:38","modified_gmt":"2020-01-14T20:39:38","slug":"about","status":"publish","type":"page","link":"https:\/\/www.ristorante-4fiumi.com\/de\/about\/","title":{"rendered":"\u00dcber Uns"},"content":{"rendered":"[vc_row][vc_column][vc_empty_space height=&#8220;120&#8243;][\/vc_column][\/vc_row][vc_row css=&#8220;.vc_custom_1529079666554{margin-bottom: 80px !important;}&#8220;][vc_column width=&#8220;1\/4&#8243;][\/vc_column][vc_column width=&#8220;1\/2&#8243;][vc_column_text]\n<h3 style=\"text-align: center;\"><span class=\"underlined\" style=\"font-weight: 400;\">UNSERE GESCHICHTE<\/span><\/h3>\n<p><span style=\"font-size: 22px;\">Der Palazzo De Cupis beherbergte im Laufe der Zeit zahlreiche verschiedene Einrichtungen, darunter auch ein Theater, und nun bietet das Erdgeschoss dem 4 Fiumi ein Zuhause. In den 60er-Jahren wurde es als Brauerei-Pizzeria gef\u00fchrt und erst einige Jahre sp\u00e4ter in das Restaurant-Pizzeria umgewandelt, das bis heute seine Eigenheiten, seine Tradition und seine Liebe zum Detail erhalten hat.<\/span>[\/vc_column_text][\/vc_column][vc_column width=&#8220;1\/4&#8243;][\/vc_column][\/vc_row][vc_row css=&#8220;.vc_custom_1498211926649{margin-bottom: 85px !important;}&#8220;][vc_column][vc_single_image image=&#8220;2204&#8243; img_size=&#8220;full&#8220; alignment=&#8220;center&#8220;][vc_row_inner][vc_column_inner width=&#8220;1\/2&#8243;][vc_column_text]\n<h4><span class=\"underlined\" style=\"font-weight: 400;\">PALAZZO DE CUPIS ZUR PIAZZA NAVONA<\/span><\/h4>\n[\/vc_column_text][\/vc_column_inner][vc_column_inner width=&#8220;1\/2&#8243;][vc_column_text]<span style=\"font-size: 22px;\">In der zweiten H\u00e4lfte des 15. Jahrhunderts gab Bernardino de Cupis den Auftrag, Palazzo de Cupis zu errichten. Sp\u00e4ter wurde er zur Residenz von Kardinal Ascanio Sforza. 1520 erweiterte Kardinal Giandomenico De Cupis seinen Besitz, indem er das nahe gelegene \u201eDeutsche Hospiz\u201c angliederte. Die Fassade war wahrscheinlich mit Fresken geschm\u00fcckt. An der Innenseite befanden sich zwei Innenh\u00f6fe im alten Stil. Im 18. Jahrhundert ging der Palazzo in die H\u00e4nde von Ornano \u00fcber, der ein Theater er\u00f6ffnete, nachdem verschiedene namhafte Pers\u00f6nlichkeiten und Botschafter hier eingekehrt waren. Im Jahre 1748 wurde in diesen R\u00e4umen das B\u00fcro des \u201eGouverneurs der Piazza Navona\u201c eingerichtet, der das Leben des Platzes und den Markt verwaltete.<\/span>[\/vc_column_text][\/vc_column_inner][\/vc_row_inner][vc_row_inner gap=&#8220;yes&#8220;][vc_column_inner width=&#8220;1\/2&#8243;][vc_single_image image=&#8220;2102&#8243; img_size=&#8220;1280&#215;1600&#8243; css=&#8220;.vc_custom_1528981980824{padding-right: 20px !important;padding-left: 20px !important;}&#8220;][\/vc_column_inner][vc_column_inner width=&#8220;1\/2&#8243;][vc_single_image image=&#8220;2187&#8243; img_size=&#8220;1280&#215;1600&#8243; css=&#8220;.vc_custom_1528981990528{padding-right: 20px !important;padding-left: 20px !important;}&#8220;][\/vc_column_inner][\/vc_row_inner][\/vc_column][\/vc_row][vc_row css=&#8220;.vc_custom_1498209707370{margin-bottom: 120px !important;}&#8220;][vc_column width=&#8220;1\/4&#8243;][\/vc_column][vc_column width=&#8220;1\/2&#8243;][vc_column_text]\n<h3 style=\"text-align: center;\"><span class=\"underlined\" style=\"font-weight: 400;\">PHILOSOPHIE<\/span><\/h3>\n<p><span style=\"font-size: 22px;\">Was liegt uns am Herzen? Ihr Wohlbefinden. Wir im 4 Fiumi lieben es, unsere Kunden in den Mittelpunkt zu stellen, indem wir ihnen qualitativ hochwertige Gerichte und mehr aus den besten Zutaten bereiten. Wir m\u00f6chten Sie begleiten und Ihnen ein einzigartiges und unvergessliches Erlebnis vor der traumhaften Kulisse der Piazza Navona bescheren.<\/span>[\/vc_column_text][\/vc_column][vc_column width=&#8220;1\/4&#8243;][\/vc_column][\/vc_row][vc_row full_width=&#8220;stretch_row&#8220; overlay_color=&#8220;rgba(0,0,0,0.01)&#8220; css=&#8220;.vc_custom_1498211908274{margin-bottom: 120px !important;}&#8220;][vc_column][vc_row_inner equal_height=&#8220;yes&#8220; gap=&#8220;yes&#8220;][vc_column_inner el_class=&#8220;color-light&#8220; width=&#8220;1\/2&#8243; overlay_color=&#8220;rgba(202,41,62,0.95)&#8220; css=&#8220;.vc_custom_1496409900033{padding-top: 60px !important;padding-right: 60px !important;padding-bottom: 60px !important;padding-left: 60px !important;background-image: url(&#8218;http:\/\/marco.puruno.com\/images\/s1.jpg&#8216;) !important;background-position: center !important;background-repeat: no-repeat !important;background-size: cover !important;}&#8220;][vc_column_text]\n<h3 style=\"text-align: center;\"><span class=\"underlined\" style=\"font-weight: 400;\">SPEISEKARTE<\/span><\/h3>\n<p><span style=\"font-size: 22px;\">Das Restaurant 4 Fiumi m\u00f6chte all jene willkommen hei\u00dfen, die auf der Suche nach traditionellen, mediterranen Gerichten im barocken Rom der Piazza Navona sind.<br \/>\n<a href=\"https:\/\/www.ristorante-4fiumi.com\/de\/reservieren\/\">ZUR SPEISEKARTE<\/a>.<\/span>[\/vc_column_text][\/vc_column_inner][vc_column_inner width=&#8220;1\/2&#8243; css=&#8220;.vc_custom_1529315953188{background-image: url(https:\/\/www.ristorante-4fiumi.com\/wp-content\/uploads\/2018\/06\/risotto-crema-scampi-ristorante-4-fiumi-roma-e1528878509466.jpg?id=2116) !important;background-position: center !important;background-repeat: no-repeat !important;background-size: cover !important;}&#8220;][\/vc_column_inner][\/vc_row_inner][\/vc_column][\/vc_row]\n","protected":false},"excerpt":{"rendered":"<p>&#8230;<\/p>\n","protected":false},"author":3,"featured_media":1973,"parent":0,"menu_order":0,"comment_status":"closed","ping_status":"closed","template":"","meta":{"footnotes":""},"class_list":["post-2957","page","type-page","status-publish","has-post-thumbnail","hentry"],"yoast_head":"<!-- This site is optimized with the Yoast SEO plugin v23.1 - https:\/\/yoast.com\/wordpress\/plugins\/seo\/ -->\n<title>\u00dcber Uns - Restaurant &amp; Pizzeria 4 Fiumi - Piazza Navona Rome<\/title>\n<meta name=\"description\" content=\"After hosting multiple activities over time, including a theater, the 4 Fiumi comes to life on the ground floor of Palazzo De Cupis.\" \/>\n<meta name=\"robots\" content=\"index, follow, max-snippet:-1, max-image-preview:large, max-video-preview:-1\" \/>\n<link rel=\"canonical\" href=\"https:\/\/www.ristorante-4fiumi.com\/de\/about\/\" \/>\n<meta property=\"og:locale\" content=\"de_DE\" \/>\n<meta property=\"og:type\" content=\"article\" \/>\n<meta property=\"og:title\" content=\"\u00dcber Uns - Restaurant &amp; Pizzeria 4 Fiumi - Piazza Navona Rome\" \/>\n<meta property=\"og:description\" content=\"After hosting multiple activities over time, including a theater, the 4 Fiumi comes to life on the ground floor of Palazzo De Cupis.\" \/>\n<meta property=\"og:url\" content=\"https:\/\/www.ristorante-4fiumi.com\/de\/about\/\" \/>\n<meta property=\"og:site_name\" content=\"Restaurant &amp; Pizzeria 4 Fiumi - Piazza Navona Rome\" \/>\n<meta property=\"article:modified_time\" content=\"2020-01-14T20:39:38+00:00\" \/>\n<meta property=\"og:image\" content=\"https:\/\/www.ristorante-4fiumi.com\/wp-content\/uploads\/2018\/05\/ristorane-4-fiumi-foto-storica-e1527632735487.jpg\" \/>\n\t<meta property=\"og:image:width\" content=\"1200\" \/>\n\t<meta property=\"og:image:height\" content=\"900\" \/>\n\t<meta property=\"og:image:type\" content=\"image\/jpeg\" \/>\n<meta name=\"twitter:card\" content=\"summary_large_image\" \/>\n<meta name=\"twitter:label1\" content=\"Gesch\u00e4tzte Lesezeit\" \/>\n\t<meta name=\"twitter:data1\" content=\"3\u00a0Minuten\" \/>\n<script type=\"application\/ld+json\" class=\"yoast-schema-graph\">{\"@context\":\"https:\/\/schema.org\",\"@graph\":[{\"@type\":\"WebPage\",\"@id\":\"https:\/\/www.ristorante-4fiumi.com\/de\/about\/\",\"url\":\"https:\/\/www.ristorante-4fiumi.com\/de\/about\/\",\"name\":\"\u00dcber Uns - Restaurant &amp; Pizzeria 4 Fiumi - Piazza Navona Rome\",\"isPartOf\":{\"@id\":\"https:\/\/www.ristorante-4fiumi.com\/de\/#website\"},\"primaryImageOfPage\":{\"@id\":\"https:\/\/www.ristorante-4fiumi.com\/de\/about\/#primaryimage\"},\"image\":{\"@id\":\"https:\/\/www.ristorante-4fiumi.com\/de\/about\/#primaryimage\"},\"thumbnailUrl\":\"https:\/\/www.ristorante-4fiumi.com\/wp-content\/uploads\/2018\/05\/ristorane-4-fiumi-foto-storica-e1527632735487.jpg\",\"datePublished\":\"2017-06-01T08:35:44+00:00\",\"dateModified\":\"2020-01-14T20:39:38+00:00\",\"description\":\"After hosting multiple activities over time, including a theater, the 4 Fiumi comes to life on the ground floor of Palazzo De Cupis.\",\"breadcrumb\":{\"@id\":\"https:\/\/www.ristorante-4fiumi.com\/de\/about\/#breadcrumb\"},\"inLanguage\":\"de\",\"potentialAction\":[{\"@type\":\"ReadAction\",\"target\":[\"https:\/\/www.ristorante-4fiumi.com\/de\/about\/\"]}]},{\"@type\":\"ImageObject\",\"inLanguage\":\"de\",\"@id\":\"https:\/\/www.ristorante-4fiumi.com\/de\/about\/#primaryimage\",\"url\":\"https:\/\/www.ristorante-4fiumi.com\/wp-content\/uploads\/2018\/05\/ristorane-4-fiumi-foto-storica-e1527632735487.jpg\",\"contentUrl\":\"https:\/\/www.ristorante-4fiumi.com\/wp-content\/uploads\/2018\/05\/ristorane-4-fiumi-foto-storica-e1527632735487.jpg\",\"width\":1200,\"height\":900,\"caption\":\"ristorante 4 fiumi foto storica\"},{\"@type\":\"BreadcrumbList\",\"@id\":\"https:\/\/www.ristorante-4fiumi.com\/de\/about\/#breadcrumb\",\"itemListElement\":[{\"@type\":\"ListItem\",\"position\":1,\"name\":\"Home\",\"item\":\"https:\/\/www.ristorante-4fiumi.com\/de\/\"},{\"@type\":\"ListItem\",\"position\":2,\"name\":\"\u00dcber Uns\"}]},{\"@type\":\"WebSite\",\"@id\":\"https:\/\/www.ristorante-4fiumi.com\/de\/#website\",\"url\":\"https:\/\/www.ristorante-4fiumi.com\/de\/\",\"name\":\"Ristorante Pizzeria 4 Fiumi - Piazza Navona Roma\",\"description\":\"\",\"publisher\":{\"@id\":\"https:\/\/www.ristorante-4fiumi.com\/de\/#organization\"},\"potentialAction\":[{\"@type\":\"SearchAction\",\"target\":{\"@type\":\"EntryPoint\",\"urlTemplate\":\"https:\/\/www.ristorante-4fiumi.com\/de\/?s={search_term_string}\"},\"query-input\":\"required name=search_term_string\"}],\"inLanguage\":\"de\"},{\"@type\":\"Organization\",\"@id\":\"https:\/\/www.ristorante-4fiumi.com\/de\/#organization\",\"name\":\"Ristorante Pizzeria 4 Fiumi\",\"url\":\"https:\/\/www.ristorante-4fiumi.com\/de\/\",\"logo\":{\"@type\":\"ImageObject\",\"inLanguage\":\"de\",\"@id\":\"https:\/\/www.ristorante-4fiumi.com\/de\/#\/schema\/logo\/image\/\",\"url\":\"https:\/\/www.ristorante-4fiumi.com\/wp-content\/uploads\/2018\/05\/ritorante-pizzeria-4-fiumi-logo.jpg\",\"contentUrl\":\"https:\/\/www.ristorante-4fiumi.com\/wp-content\/uploads\/2018\/05\/ritorante-pizzeria-4-fiumi-logo.jpg\",\"width\":503,\"height\":653,\"caption\":\"Ristorante Pizzeria 4 Fiumi\"},\"image\":{\"@id\":\"https:\/\/www.ristorante-4fiumi.com\/de\/#\/schema\/logo\/image\/\"}}]}<\/script>\n<!-- \/ Yoast SEO plugin. -->","yoast_head_json":{"title":"\u00dcber Uns - Restaurant &amp; Pizzeria 4 Fiumi - Piazza Navona Rome","description":"After hosting multiple activities over time, including a theater, the 4 Fiumi comes to life on the ground floor of Palazzo De Cupis.","robots":{"index":"index","follow":"follow","max-snippet":"max-snippet:-1","max-image-preview":"max-image-preview:large","max-video-preview":"max-video-preview:-1"},"canonical":"https:\/\/www.ristorante-4fiumi.com\/de\/about\/","og_locale":"de_DE","og_type":"article","og_title":"\u00dcber Uns - Restaurant &amp; Pizzeria 4 Fiumi - Piazza Navona Rome","og_description":"After hosting multiple activities over time, including a theater, the 4 Fiumi comes to life on the ground floor of Palazzo De Cupis.","og_url":"https:\/\/www.ristorante-4fiumi.com\/de\/about\/","og_site_name":"Restaurant &amp; Pizzeria 4 Fiumi - Piazza Navona Rome","article_modified_time":"2020-01-14T20:39:38+00:00","og_image":[{"width":1200,"height":900,"url":"https:\/\/www.ristorante-4fiumi.com\/wp-content\/uploads\/2018\/05\/ristorane-4-fiumi-foto-storica-e1527632735487.jpg","type":"image\/jpeg"}],"twitter_card":"summary_large_image","twitter_misc":{"Gesch\u00e4tzte Lesezeit":"3\u00a0Minuten"},"schema":{"@context":"https:\/\/schema.org","@graph":[{"@type":"WebPage","@id":"https:\/\/www.ristorante-4fiumi.com\/de\/about\/","url":"https:\/\/www.ristorante-4fiumi.com\/de\/about\/","name":"\u00dcber Uns - Restaurant &amp; Pizzeria 4 Fiumi - Piazza Navona Rome","isPartOf":{"@id":"https:\/\/www.ristorante-4fiumi.com\/de\/#website"},"primaryImageOfPage":{"@id":"https:\/\/www.ristorante-4fiumi.com\/de\/about\/#primaryimage"},"image":{"@id":"https:\/\/www.ristorante-4fiumi.com\/de\/about\/#primaryimage"},"thumbnailUrl":"https:\/\/www.ristorante-4fiumi.com\/wp-content\/uploads\/2018\/05\/ristorane-4-fiumi-foto-storica-e1527632735487.jpg","datePublished":"2017-06-01T08:35:44+00:00","dateModified":"2020-01-14T20:39:38+00:00","description":"After hosting multiple activities over time, including a theater, the 4 Fiumi comes to life on the ground floor of Palazzo De Cupis.","breadcrumb":{"@id":"https:\/\/www.ristorante-4fiumi.com\/de\/about\/#breadcrumb"},"inLanguage":"de","potentialAction":[{"@type":"ReadAction","target":["https:\/\/www.ristorante-4fiumi.com\/de\/about\/"]}]},{"@type":"ImageObject","inLanguage":"de","@id":"https:\/\/www.ristorante-4fiumi.com\/de\/about\/#primaryimage","url":"https:\/\/www.ristorante-4fiumi.com\/wp-content\/uploads\/2018\/05\/ristorane-4-fiumi-foto-storica-e1527632735487.jpg","contentUrl":"https:\/\/www.ristorante-4fiumi.com\/wp-content\/uploads\/2018\/05\/ristorane-4-fiumi-foto-storica-e1527632735487.jpg","width":1200,"height":900,"caption":"ristorante 4 fiumi foto storica"},{"@type":"BreadcrumbList","@id":"https:\/\/www.ristorante-4fiumi.com\/de\/about\/#breadcrumb","itemListElement":[{"@type":"ListItem","position":1,"name":"Home","item":"https:\/\/www.ristorante-4fiumi.com\/de\/"},{"@type":"ListItem","position":2,"name":"\u00dcber Uns"}]},{"@type":"WebSite","@id":"https:\/\/www.ristorante-4fiumi.com\/de\/#website","url":"https:\/\/www.ristorante-4fiumi.com\/de\/","name":"Ristorante Pizzeria 4 Fiumi - Piazza Navona Roma","description":"","publisher":{"@id":"https:\/\/www.ristorante-4fiumi.com\/de\/#organization"},"potentialAction":[{"@type":"SearchAction","target":{"@type":"EntryPoint","urlTemplate":"https:\/\/www.ristorante-4fiumi.com\/de\/?s={search_term_string}"},"query-input":"required name=search_term_string"}],"inLanguage":"de"},{"@type":"Organization","@id":"https:\/\/www.ristorante-4fiumi.com\/de\/#organization","name":"Ristorante Pizzeria 4 Fiumi","url":"https:\/\/www.ristorante-4fiumi.com\/de\/","logo":{"@type":"ImageObject","inLanguage":"de","@id":"https:\/\/www.ristorante-4fiumi.com\/de\/#\/schema\/logo\/image\/","url":"https:\/\/www.ristorante-4fiumi.com\/wp-content\/uploads\/2018\/05\/ritorante-pizzeria-4-fiumi-logo.jpg","contentUrl":"https:\/\/www.ristorante-4fiumi.com\/wp-content\/uploads\/2018\/05\/ritorante-pizzeria-4-fiumi-logo.jpg","width":503,"height":653,"caption":"Ristorante Pizzeria 4 Fiumi"},"image":{"@id":"https:\/\/www.ristorante-4fiumi.com\/de\/#\/schema\/logo\/image\/"}}]}},"_links":{"self":[{"href":"https:\/\/www.ristorante-4fiumi.com\/de\/wp-json\/wp\/v2\/pages\/2957"}],"collection":[{"href":"https:\/\/www.ristorante-4fiumi.com\/de\/wp-json\/wp\/v2\/pages"}],"about":[{"href":"https:\/\/www.ristorante-4fiumi.com\/de\/wp-json\/wp\/v2\/types\/page"}],"author":[{"embeddable":true,"href":"https:\/\/www.ristorante-4fiumi.com\/de\/wp-json\/wp\/v2\/users\/3"}],"replies":[{"embeddable":true,"href":"https:\/\/www.ristorante-4fiumi.com\/de\/wp-json\/wp\/v2\/comments?post=2957"}],"version-history":[{"count":3,"href":"https:\/\/www.ristorante-4fiumi.com\/de\/wp-json\/wp\/v2\/pages\/2957\/revisions"}],"predecessor-version":[{"id":2973,"href":"https:\/\/www.ristorante-4fiumi.com\/de\/wp-json\/wp\/v2\/pages\/2957\/revisions\/2973"}],"wp:featuredmedia":[{"embeddable":true,"href":"https:\/\/www.ristorante-4fiumi.com\/de\/wp-json\/wp\/v2\/media\/1973"}],"wp:attachment":[{"href":"https:\/\/www.ristorante-4fiumi.com\/de\/wp-json\/wp\/v2\/media?parent=2957"}],"curies":[{"name":"wp","href":"https:\/\/api.w.org\/{rel}","templated":true}]}}