{"id":2994,"date":"2017-06-01T08:35:56","date_gmt":"2017-06-01T08:35:56","guid":{"rendered":"https:\/\/www.ristorante-4fiumi.com\/galleria\/"},"modified":"2020-01-15T11:13:06","modified_gmt":"2020-01-15T10:13:06","slug":"galerie","status":"publish","type":"page","link":"https:\/\/www.ristorante-4fiumi.com\/de\/galerie\/","title":{"rendered":"Galerie"},"content":{"rendered":"[vc_row css=&#8220;.vc_custom_1528979650936{padding-top: 200px !important;padding-bottom: 100px !important;}&#8220;][vc_column][vc_row_inner][vc_column_inner width=&#8220;1\/4&#8243;][vc_column_text]\n<h3><span class=\"underlined\" style=\"font-weight: 400;\">GALERIE<\/span><\/h3>\n[\/vc_column_text][\/vc_column_inner][vc_column_inner width=&#8220;1\/4&#8243;][\/vc_column_inner][vc_column_inner width=&#8220;2\/4&#8243;][vc_column_text]<span style=\"font-size: 22px;\">Mit 120 Innen- und 90 Au\u00dfenpl\u00e4tzen ist das RISTORANTE-PIZZERIA \u201e4 FIUMI\u201c nicht nur der ideale Ort f\u00fcr Gesch\u00e4ftsessen, Abende mit Freunden oder der Familie, sondern eignet sich auch f\u00fcr wichtige Anl\u00e4sse mit lukullischen Banketten.<\/span>[\/vc_column_text][\/vc_column_inner][\/vc_row_inner][\/vc_column][\/vc_row][vc_row css=&#8220;.vc_custom_1498476573370{padding-bottom: 100px !important;}&#8220;][vc_column]<div class=\"berg-gallery \"><div class=\"portfolio-masonry\"><div class=\"grid-sizer\"><\/div><article class=\"w2-h2\"><a href=\"https:\/\/www.ristorante-4fiumi.com\/wp-content\/uploads\/2018\/06\/ristorante-4-fiumi-piazza-navona-roma.jpg\" rel=\"prettyPhoto[gal]\"><\/a><div class=\"layer\"><div class=\"img-bg\" data-depth=\"0.50\" style=\"background-image: url(https:\/\/www.ristorante-4fiumi.com\/wp-content\/uploads\/2018\/06\/ristorante-4-fiumi-piazza-navona-roma-1440x900.jpg) \"><img decoding=\"async\" src=\"https:\/\/www.ristorante-4fiumi.com\/wp-content\/uploads\/2018\/06\/ristorante-4-fiumi-piazza-navona-roma-1440x900.jpg\"><\/div><\/div><\/article><article class=\"w2-h1\"><a href=\"https:\/\/www.ristorante-4fiumi.com\/wp-content\/uploads\/2018\/06\/ristorante-4-fiumi-interno.jpg\" rel=\"prettyPhoto[gal]\"><\/a><div class=\"layer\"><div class=\"img-bg\" data-depth=\"0.50\" style=\"background-image: url(https:\/\/www.ristorante-4fiumi.com\/wp-content\/uploads\/2018\/06\/ristorante-4-fiumi-interno-1000x600.jpg) \"><img decoding=\"async\" src=\"https:\/\/www.ristorante-4fiumi.com\/wp-content\/uploads\/2018\/06\/ristorante-4-fiumi-interno-1000x600.jpg\"><\/div><\/div><\/article><article class=\"w1-h1\"><a href=\"https:\/\/www.ristorante-4fiumi.com\/wp-content\/uploads\/2018\/06\/4fiumi-roma-e1528963938783.jpg\" rel=\"prettyPhoto[gal]\"><\/a><div class=\"layer\"><div class=\"img-bg\" data-depth=\"0.50\" style=\"background-image: url(https:\/\/www.ristorante-4fiumi.com\/wp-content\/uploads\/2018\/06\/4fiumi-roma-1000x600.jpg) \"><img decoding=\"async\" src=\"https:\/\/www.ristorante-4fiumi.com\/wp-content\/uploads\/2018\/06\/4fiumi-roma-1000x600.jpg\"><\/div><\/div><\/article><article class=\"w1-h1\"><a href=\"https:\/\/www.ristorante-4fiumi.com\/wp-content\/uploads\/2018\/06\/fish-restaurant-navona-rome-e1528963943654.jpg\" rel=\"prettyPhoto[gal]\"><\/a><div class=\"layer\"><div class=\"img-bg\" data-depth=\"0.50\" style=\"background-image: url(https:\/\/www.ristorante-4fiumi.com\/wp-content\/uploads\/2018\/06\/fish-restaurant-navona-rome-1000x600.jpg) \"><img decoding=\"async\" src=\"https:\/\/www.ristorante-4fiumi.com\/wp-content\/uploads\/2018\/06\/fish-restaurant-navona-rome-1000x600.jpg\"><\/div><\/div><\/article><article class=\"w1-h1\"><a href=\"https:\/\/www.ristorante-4fiumi.com\/wp-content\/uploads\/2018\/06\/4-fiumi-interno-e1528963883132.jpg\" rel=\"prettyPhoto[gal]\"><\/a><div class=\"layer\"><div class=\"img-bg\" data-depth=\"0.50\" style=\"background-image: url(https:\/\/www.ristorante-4fiumi.com\/wp-content\/uploads\/2018\/06\/4-fiumi-interno-1000x600.jpg) \"><img decoding=\"async\" src=\"https:\/\/www.ristorante-4fiumi.com\/wp-content\/uploads\/2018\/06\/4-fiumi-interno-1000x600.jpg\"><\/div><\/div><\/article><article class=\"w1-h2\"><a href=\"https:\/\/www.ristorante-4fiumi.com\/wp-content\/uploads\/2018\/06\/IMG_7255-e1528964153257.jpg\" rel=\"prettyPhoto[gal]\"><\/a><div class=\"layer\"><div class=\"img-bg\" data-depth=\"0.50\" style=\"background-image: url(https:\/\/www.ristorante-4fiumi.com\/wp-content\/uploads\/2018\/06\/IMG_7255-1440x900.jpg) \"><img decoding=\"async\" src=\"https:\/\/www.ristorante-4fiumi.com\/wp-content\/uploads\/2018\/06\/IMG_7255-1440x900.jpg\"><\/div><\/div><\/article><article class=\"w1-h1\"><a href=\"https:\/\/www.ristorante-4fiumi.com\/wp-content\/uploads\/2018\/06\/IMG_7275-e1528964147213.jpg\" rel=\"prettyPhoto[gal]\"><\/a><div class=\"layer\"><div class=\"img-bg\" data-depth=\"0.50\" style=\"background-image: url(https:\/\/www.ristorante-4fiumi.com\/wp-content\/uploads\/2018\/06\/IMG_7275-1000x600.jpg) \"><img decoding=\"async\" src=\"https:\/\/www.ristorante-4fiumi.com\/wp-content\/uploads\/2018\/06\/IMG_7275-1000x600.jpg\"><\/div><\/div><\/article><article class=\"w1-h1\"><a href=\"https:\/\/www.ristorante-4fiumi.com\/wp-content\/uploads\/2018\/06\/4fiumi-restaurant-piazza-navona-rome-e1528891293328.jpg\" rel=\"prettyPhoto[gal]\"><\/a><div class=\"layer\"><div class=\"img-bg\" data-depth=\"0.50\" style=\"background-image: url(https:\/\/www.ristorante-4fiumi.com\/wp-content\/uploads\/2018\/06\/4fiumi-restaurant-piazza-navona-rome-1000x600.jpg) \"><img decoding=\"async\" src=\"https:\/\/www.ristorante-4fiumi.com\/wp-content\/uploads\/2018\/06\/4fiumi-restaurant-piazza-navona-rome-1000x600.jpg\"><\/div><\/div><\/article><article class=\"w1-h1\"><a href=\"https:\/\/www.ristorante-4fiumi.com\/wp-content\/uploads\/2018\/06\/4-fiumi-restaurant-rome-e1528891486998.jpg\" rel=\"prettyPhoto[gal]\"><\/a><div class=\"layer\"><div class=\"img-bg\" data-depth=\"0.50\" style=\"background-image: url(https:\/\/www.ristorante-4fiumi.com\/wp-content\/uploads\/2018\/06\/4-fiumi-restaurant-rome-1000x600.jpg) \"><img decoding=\"async\" src=\"https:\/\/www.ristorante-4fiumi.com\/wp-content\/uploads\/2018\/06\/4-fiumi-restaurant-rome-1000x600.jpg\"><\/div><\/div><\/article><article class=\"w2-h1\"><a href=\"https:\/\/www.ristorante-4fiumi.com\/wp-content\/uploads\/2018\/06\/4-fiumi-restaurante-roma-e1528891782205.jpg\" rel=\"prettyPhoto[gal]\"><\/a><div class=\"layer\"><div class=\"img-bg\" data-depth=\"0.50\" style=\"background-image: url(https:\/\/www.ristorante-4fiumi.com\/wp-content\/uploads\/2018\/06\/4-fiumi-restaurante-roma-1000x600.jpg) \"><img decoding=\"async\" src=\"https:\/\/www.ristorante-4fiumi.com\/wp-content\/uploads\/2018\/06\/4-fiumi-restaurante-roma-1000x600.jpg\"><\/div><\/div><\/article><article class=\"w1-h1\"><a href=\"https:\/\/www.ristorante-4fiumi.com\/wp-content\/uploads\/2018\/06\/4-fiumi-ristorante-aperitivo.jpg\" rel=\"prettyPhoto[gal]\"><\/a><div class=\"layer\"><div class=\"img-bg\" data-depth=\"0.50\" style=\"background-image: url(https:\/\/www.ristorante-4fiumi.com\/wp-content\/uploads\/2018\/06\/4-fiumi-ristorante-aperitivo-1000x600.jpg) \"><img decoding=\"async\" src=\"https:\/\/www.ristorante-4fiumi.com\/wp-content\/uploads\/2018\/06\/4-fiumi-ristorante-aperitivo-1000x600.jpg\"><\/div><\/div><\/article><article class=\"w1-h1\"><a href=\"https:\/\/www.ristorante-4fiumi.com\/wp-content\/uploads\/2018\/06\/ristorante-pizzeria-4-fiumi-evening.jpg\" rel=\"prettyPhoto[gal]\"><\/a><div class=\"layer\"><div class=\"img-bg\" data-depth=\"0.50\" style=\"background-image: url(https:\/\/www.ristorante-4fiumi.com\/wp-content\/uploads\/2018\/06\/ristorante-pizzeria-4-fiumi-evening-1000x600.jpg) \"><img decoding=\"async\" src=\"https:\/\/www.ristorante-4fiumi.com\/wp-content\/uploads\/2018\/06\/ristorante-pizzeria-4-fiumi-evening-1000x600.jpg\"><\/div><\/div><\/article><article class=\"w2-h2\"><a href=\"https:\/\/www.ristorante-4fiumi.com\/wp-content\/uploads\/2018\/06\/piazza-navona-ristorante-4-fiumi.jpg\" rel=\"prettyPhoto[gal]\"><\/a><div class=\"layer\"><div class=\"img-bg\" data-depth=\"0.50\" style=\"background-image: url(https:\/\/www.ristorante-4fiumi.com\/wp-content\/uploads\/2018\/06\/piazza-navona-ristorante-4-fiumi-1440x900.jpg) \"><img decoding=\"async\" src=\"https:\/\/www.ristorante-4fiumi.com\/wp-content\/uploads\/2018\/06\/piazza-navona-ristorante-4-fiumi-1440x900.jpg\"><\/div><\/div><\/article><article class=\"w1-h1\"><a href=\"https:\/\/www.ristorante-4fiumi.com\/wp-content\/uploads\/2018\/06\/chocolate-cheesecake-ristorante-4-fiumi-roma-e1528880250166.jpg\" rel=\"prettyPhoto[gal]\"><\/a><div class=\"layer\"><div class=\"img-bg\" data-depth=\"0.50\" style=\"background-image: url(https:\/\/www.ristorante-4fiumi.com\/wp-content\/uploads\/2018\/06\/chocolate-cheesecake-ristorante-4-fiumi-roma-1000x600.jpg) \"><img decoding=\"async\" src=\"https:\/\/www.ristorante-4fiumi.com\/wp-content\/uploads\/2018\/06\/chocolate-cheesecake-ristorante-4-fiumi-roma-1000x600.jpg\"><\/div><\/div><\/article><article class=\"w1-h1\"><a href=\"https:\/\/www.ristorante-4fiumi.com\/wp-content\/uploads\/2018\/06\/bucatini-amatriciana-ristorante-4-fiumi-roma-e1528878495431.jpg\" rel=\"prettyPhoto[gal]\"><\/a><div class=\"layer\"><div class=\"img-bg\" data-depth=\"0.50\" style=\"background-image: url(https:\/\/www.ristorante-4fiumi.com\/wp-content\/uploads\/2018\/06\/bucatini-amatriciana-ristorante-4-fiumi-roma-1000x600.jpg) \"><img decoding=\"async\" src=\"https:\/\/www.ristorante-4fiumi.com\/wp-content\/uploads\/2018\/06\/bucatini-amatriciana-ristorante-4-fiumi-roma-1000x600.jpg\"><\/div><\/div><\/article><article class=\"w2-h1\"><a href=\"https:\/\/www.ristorante-4fiumi.com\/wp-content\/uploads\/2016\/01\/torta-al-cioccolato-ristorante-4-fiumi-roma-e1528879597685.jpg\" rel=\"prettyPhoto[gal]\"><\/a><div class=\"layer\"><div class=\"img-bg\" data-depth=\"0.50\" style=\"background-image: url(https:\/\/www.ristorante-4fiumi.com\/wp-content\/uploads\/2016\/01\/torta-al-cioccolato-ristorante-4-fiumi-roma-1000x600.jpg) \"><img decoding=\"async\" src=\"https:\/\/www.ristorante-4fiumi.com\/wp-content\/uploads\/2016\/01\/torta-al-cioccolato-ristorante-4-fiumi-roma-1000x600.jpg\"><\/div><\/div><\/article><article class=\"w1-h1\"><a href=\"https:\/\/www.ristorante-4fiumi.com\/wp-content\/uploads\/2018\/06\/pizza-primavera-ristorante-4-fiumi-roma-e1528878525630.jpg\" rel=\"prettyPhoto[gal]\"><\/a><div class=\"layer\"><div class=\"img-bg\" data-depth=\"0.50\" style=\"background-image: url(https:\/\/www.ristorante-4fiumi.com\/wp-content\/uploads\/2018\/06\/pizza-primavera-ristorante-4-fiumi-roma-1000x600.jpg) \"><img decoding=\"async\" src=\"https:\/\/www.ristorante-4fiumi.com\/wp-content\/uploads\/2018\/06\/pizza-primavera-ristorante-4-fiumi-roma-1000x600.jpg\"><\/div><\/div><\/article><article class=\"w1-h1\"><a href=\"https:\/\/www.ristorante-4fiumi.com\/wp-content\/uploads\/2018\/06\/risotto-crema-scampi-ristorante-4-fiumi-roma-e1528878509466.jpg\" rel=\"prettyPhoto[gal]\"><\/a><div class=\"layer\"><div class=\"img-bg\" data-depth=\"0.50\" style=\"background-image: url(https:\/\/www.ristorante-4fiumi.com\/wp-content\/uploads\/2018\/06\/risotto-crema-scampi-ristorante-4-fiumi-roma-1000x600.jpg) \"><img decoding=\"async\" src=\"https:\/\/www.ristorante-4fiumi.com\/wp-content\/uploads\/2018\/06\/risotto-crema-scampi-ristorante-4-fiumi-roma-1000x600.jpg\"><\/div><\/div><\/article><article class=\"w2-h1\"><a href=\"https:\/\/www.ristorante-4fiumi.com\/wp-content\/uploads\/2018\/06\/bruschetta-piazza-navona.jpg\" rel=\"prettyPhoto[gal]\"><\/a><div class=\"layer\"><div class=\"img-bg\" data-depth=\"0.50\" style=\"background-image: url(https:\/\/www.ristorante-4fiumi.com\/wp-content\/uploads\/2018\/06\/bruschetta-piazza-navona-1000x600.jpg) \"><img decoding=\"async\" src=\"https:\/\/www.ristorante-4fiumi.com\/wp-content\/uploads\/2018\/06\/bruschetta-piazza-navona-1000x600.jpg\"><\/div><\/div><\/article><article class=\"w1-h2\"><a href=\"https:\/\/www.ristorante-4fiumi.com\/wp-content\/uploads\/2018\/06\/ristorante-4-fiumi-vini-e1528983525710.jpg\" rel=\"prettyPhoto[gal]\"><\/a><div class=\"layer\"><div class=\"img-bg\" data-depth=\"0.50\" style=\"background-image: url(https:\/\/www.ristorante-4fiumi.com\/wp-content\/uploads\/2018\/06\/ristorante-4-fiumi-vini-1440x900.jpg) \"><img decoding=\"async\" src=\"https:\/\/www.ristorante-4fiumi.com\/wp-content\/uploads\/2018\/06\/ristorante-4-fiumi-vini-1440x900.jpg\"><\/div><\/div><\/article><article class=\"w1-h1\"><a href=\"https:\/\/www.ristorante-4fiumi.com\/wp-content\/uploads\/2018\/06\/aperitivo-ristorante-4-fiumi-roma-e1528983552852.jpg\" rel=\"prettyPhoto[gal]\"><\/a><div class=\"layer\"><div class=\"img-bg\" data-depth=\"0.50\" style=\"background-image: url(https:\/\/www.ristorante-4fiumi.com\/wp-content\/uploads\/2018\/06\/aperitivo-ristorante-4-fiumi-roma-1000x600.jpg) \"><img decoding=\"async\" src=\"https:\/\/www.ristorante-4fiumi.com\/wp-content\/uploads\/2018\/06\/aperitivo-ristorante-4-fiumi-roma-1000x600.jpg\"><\/div><\/div><\/article><article class=\"w1-h1\"><a href=\"https:\/\/www.ristorante-4fiumi.com\/wp-content\/uploads\/2018\/06\/tartufo-gelato-ristorante-4-fiumi-roma-e1528880270198.jpg\" rel=\"prettyPhoto[gal]\"><\/a><div class=\"layer\"><div class=\"img-bg\" data-depth=\"0.50\" style=\"background-image: url(https:\/\/www.ristorante-4fiumi.com\/wp-content\/uploads\/2018\/06\/tartufo-gelato-ristorante-4-fiumi-roma-1000x600.jpg) \"><img decoding=\"async\" src=\"https:\/\/www.ristorante-4fiumi.com\/wp-content\/uploads\/2018\/06\/tartufo-gelato-ristorante-4-fiumi-roma-1000x600.jpg\"><\/div><\/div><\/article><article class=\"w1-h1\"><a href=\"https:\/\/www.ristorante-4fiumi.com\/wp-content\/uploads\/2018\/06\/calamari-griglia-e1528880576924.jpg\" rel=\"prettyPhoto[gal]\"><\/a><div class=\"layer\"><div class=\"img-bg\" data-depth=\"0.50\" style=\"background-image: url(https:\/\/www.ristorante-4fiumi.com\/wp-content\/uploads\/2018\/06\/calamari-griglia-1000x600.jpg) \"><img decoding=\"async\" src=\"https:\/\/www.ristorante-4fiumi.com\/wp-content\/uploads\/2018\/06\/calamari-griglia-1000x600.jpg\"><\/div><\/div><\/article><article class=\"w1-h1\"><a href=\"https:\/\/www.ristorante-4fiumi.com\/wp-content\/uploads\/2018\/06\/carbonara-ristorante-4-fiumi-roma-e1528879296448.jpg\" rel=\"prettyPhoto[gal]\"><\/a><div class=\"layer\"><div class=\"img-bg\" data-depth=\"0.50\" style=\"background-image: url(https:\/\/www.ristorante-4fiumi.com\/wp-content\/uploads\/2018\/06\/carbonara-ristorante-4-fiumi-roma-1000x600.jpg) \"><img decoding=\"async\" src=\"https:\/\/www.ristorante-4fiumi.com\/wp-content\/uploads\/2018\/06\/carbonara-ristorante-4-fiumi-roma-1000x600.jpg\"><\/div><\/div><\/article><\/div><\/div>[vc_empty_space][\/vc_column][\/vc_row]\n","protected":false},"excerpt":{"rendered":"<p>&#8230;<\/p>\n","protected":false},"author":3,"featured_media":0,"parent":0,"menu_order":0,"comment_status":"closed","ping_status":"closed","template":"","meta":{"footnotes":""},"class_list":["post-2994","page","type-page","status-publish","hentry"],"yoast_head":"<!-- This site is optimized with the Yoast SEO plugin v23.1 - https:\/\/yoast.com\/wordpress\/plugins\/seo\/ -->\n<title>Fotogalerie - Ristorante Pizzeria 4Fiumi a Piazza Navona Roma<\/title>\n<meta name=\"description\" content=\"Mit 120 Innen- und 90 Au\u00dfenpl\u00e4tzen ist das RISTORANTE-PIZZERIA \u201e4 FIUMI\u201c nicht nur der ideale Ort f\u00fcr Gesch\u00e4ftsessen, Abende mit Freunden oder der Familie, sondern eignet sich auch f\u00fcr wichtige Anl\u00e4sse mit lukullischen Banketten.\" \/>\n<meta name=\"robots\" content=\"index, follow, max-snippet:-1, max-image-preview:large, max-video-preview:-1\" \/>\n<link rel=\"canonical\" href=\"https:\/\/www.ristorante-4fiumi.com\/de\/galerie\/\" \/>\n<meta property=\"og:locale\" content=\"de_DE\" \/>\n<meta property=\"og:type\" content=\"article\" \/>\n<meta property=\"og:title\" content=\"Fotogalerie - Ristorante Pizzeria 4Fiumi a Piazza Navona Roma\" \/>\n<meta property=\"og:description\" content=\"Mit 120 Innen- und 90 Au\u00dfenpl\u00e4tzen ist das RISTORANTE-PIZZERIA \u201e4 FIUMI\u201c nicht nur der ideale Ort f\u00fcr Gesch\u00e4ftsessen, Abende mit Freunden oder der Familie, sondern eignet sich auch f\u00fcr wichtige Anl\u00e4sse mit lukullischen Banketten.\" \/>\n<meta property=\"og:url\" content=\"https:\/\/www.ristorante-4fiumi.com\/de\/galerie\/\" \/>\n<meta property=\"og:site_name\" content=\"Restaurant &amp; Pizzeria 4 Fiumi - Piazza Navona Rome\" \/>\n<meta property=\"article:modified_time\" content=\"2020-01-15T10:13:06+00:00\" \/>\n<meta name=\"twitter:card\" content=\"summary_large_image\" \/>\n<meta name=\"twitter:label1\" content=\"Gesch\u00e4tzte Lesezeit\" \/>\n\t<meta name=\"twitter:data1\" content=\"1\u00a0Minute\" \/>\n<script type=\"application\/ld+json\" class=\"yoast-schema-graph\">{\"@context\":\"https:\/\/schema.org\",\"@graph\":[{\"@type\":\"WebPage\",\"@id\":\"https:\/\/www.ristorante-4fiumi.com\/de\/galerie\/\",\"url\":\"https:\/\/www.ristorante-4fiumi.com\/de\/galerie\/\",\"name\":\"Fotogalerie - Ristorante Pizzeria 4Fiumi a Piazza Navona Roma\",\"isPartOf\":{\"@id\":\"https:\/\/www.ristorante-4fiumi.com\/de\/#website\"},\"datePublished\":\"2017-06-01T08:35:56+00:00\",\"dateModified\":\"2020-01-15T10:13:06+00:00\",\"description\":\"Mit 120 Innen- und 90 Au\u00dfenpl\u00e4tzen ist das RISTORANTE-PIZZERIA \u201e4 FIUMI\u201c nicht nur der ideale Ort f\u00fcr Gesch\u00e4ftsessen, Abende mit Freunden oder der Familie, sondern eignet sich auch f\u00fcr wichtige Anl\u00e4sse mit lukullischen Banketten.\",\"breadcrumb\":{\"@id\":\"https:\/\/www.ristorante-4fiumi.com\/de\/galerie\/#breadcrumb\"},\"inLanguage\":\"de\",\"potentialAction\":[{\"@type\":\"ReadAction\",\"target\":[\"https:\/\/www.ristorante-4fiumi.com\/de\/galerie\/\"]}]},{\"@type\":\"BreadcrumbList\",\"@id\":\"https:\/\/www.ristorante-4fiumi.com\/de\/galerie\/#breadcrumb\",\"itemListElement\":[{\"@type\":\"ListItem\",\"position\":1,\"name\":\"Home\",\"item\":\"https:\/\/www.ristorante-4fiumi.com\/de\/\"},{\"@type\":\"ListItem\",\"position\":2,\"name\":\"Galerie\"}]},{\"@type\":\"WebSite\",\"@id\":\"https:\/\/www.ristorante-4fiumi.com\/de\/#website\",\"url\":\"https:\/\/www.ristorante-4fiumi.com\/de\/\",\"name\":\"Ristorante Pizzeria 4 Fiumi - Piazza Navona Roma\",\"description\":\"\",\"publisher\":{\"@id\":\"https:\/\/www.ristorante-4fiumi.com\/de\/#organization\"},\"potentialAction\":[{\"@type\":\"SearchAction\",\"target\":{\"@type\":\"EntryPoint\",\"urlTemplate\":\"https:\/\/www.ristorante-4fiumi.com\/de\/?s={search_term_string}\"},\"query-input\":\"required name=search_term_string\"}],\"inLanguage\":\"de\"},{\"@type\":\"Organization\",\"@id\":\"https:\/\/www.ristorante-4fiumi.com\/de\/#organization\",\"name\":\"Ristorante Pizzeria 4 Fiumi\",\"url\":\"https:\/\/www.ristorante-4fiumi.com\/de\/\",\"logo\":{\"@type\":\"ImageObject\",\"inLanguage\":\"de\",\"@id\":\"https:\/\/www.ristorante-4fiumi.com\/de\/#\/schema\/logo\/image\/\",\"url\":\"https:\/\/www.ristorante-4fiumi.com\/wp-content\/uploads\/2018\/05\/ritorante-pizzeria-4-fiumi-logo.jpg\",\"contentUrl\":\"https:\/\/www.ristorante-4fiumi.com\/wp-content\/uploads\/2018\/05\/ritorante-pizzeria-4-fiumi-logo.jpg\",\"width\":503,\"height\":653,\"caption\":\"Ristorante Pizzeria 4 Fiumi\"},\"image\":{\"@id\":\"https:\/\/www.ristorante-4fiumi.com\/de\/#\/schema\/logo\/image\/\"}}]}<\/script>\n<!-- \/ Yoast SEO plugin. -->","yoast_head_json":{"title":"Fotogalerie - Ristorante Pizzeria 4Fiumi a Piazza Navona Roma","description":"Mit 120 Innen- und 90 Au\u00dfenpl\u00e4tzen ist das RISTORANTE-PIZZERIA \u201e4 FIUMI\u201c nicht nur der ideale Ort f\u00fcr Gesch\u00e4ftsessen, Abende mit Freunden oder der Familie, sondern eignet sich auch f\u00fcr wichtige Anl\u00e4sse mit lukullischen Banketten.","robots":{"index":"index","follow":"follow","max-snippet":"max-snippet:-1","max-image-preview":"max-image-preview:large","max-video-preview":"max-video-preview:-1"},"canonical":"https:\/\/www.ristorante-4fiumi.com\/de\/galerie\/","og_locale":"de_DE","og_type":"article","og_title":"Fotogalerie - Ristorante Pizzeria 4Fiumi a Piazza Navona Roma","og_description":"Mit 120 Innen- und 90 Au\u00dfenpl\u00e4tzen ist das RISTORANTE-PIZZERIA \u201e4 FIUMI\u201c nicht nur der ideale Ort f\u00fcr Gesch\u00e4ftsessen, Abende mit Freunden oder der Familie, sondern eignet sich auch f\u00fcr wichtige Anl\u00e4sse mit lukullischen Banketten.","og_url":"https:\/\/www.ristorante-4fiumi.com\/de\/galerie\/","og_site_name":"Restaurant &amp; Pizzeria 4 Fiumi - Piazza Navona Rome","article_modified_time":"2020-01-15T10:13:06+00:00","twitter_card":"summary_large_image","twitter_misc":{"Gesch\u00e4tzte Lesezeit":"1\u00a0Minute"},"schema":{"@context":"https:\/\/schema.org","@graph":[{"@type":"WebPage","@id":"https:\/\/www.ristorante-4fiumi.com\/de\/galerie\/","url":"https:\/\/www.ristorante-4fiumi.com\/de\/galerie\/","name":"Fotogalerie - Ristorante Pizzeria 4Fiumi a Piazza Navona Roma","isPartOf":{"@id":"https:\/\/www.ristorante-4fiumi.com\/de\/#website"},"datePublished":"2017-06-01T08:35:56+00:00","dateModified":"2020-01-15T10:13:06+00:00","description":"Mit 120 Innen- und 90 Au\u00dfenpl\u00e4tzen ist das RISTORANTE-PIZZERIA \u201e4 FIUMI\u201c nicht nur der ideale Ort f\u00fcr Gesch\u00e4ftsessen, Abende mit Freunden oder der Familie, sondern eignet sich auch f\u00fcr wichtige Anl\u00e4sse mit lukullischen Banketten.","breadcrumb":{"@id":"https:\/\/www.ristorante-4fiumi.com\/de\/galerie\/#breadcrumb"},"inLanguage":"de","potentialAction":[{"@type":"ReadAction","target":["https:\/\/www.ristorante-4fiumi.com\/de\/galerie\/"]}]},{"@type":"BreadcrumbList","@id":"https:\/\/www.ristorante-4fiumi.com\/de\/galerie\/#breadcrumb","itemListElement":[{"@type":"ListItem","position":1,"name":"Home","item":"https:\/\/www.ristorante-4fiumi.com\/de\/"},{"@type":"ListItem","position":2,"name":"Galerie"}]},{"@type":"WebSite","@id":"https:\/\/www.ristorante-4fiumi.com\/de\/#website","url":"https:\/\/www.ristorante-4fiumi.com\/de\/","name":"Ristorante Pizzeria 4 Fiumi - Piazza Navona Roma","description":"","publisher":{"@id":"https:\/\/www.ristorante-4fiumi.com\/de\/#organization"},"potentialAction":[{"@type":"SearchAction","target":{"@type":"EntryPoint","urlTemplate":"https:\/\/www.ristorante-4fiumi.com\/de\/?s={search_term_string}"},"query-input":"required name=search_term_string"}],"inLanguage":"de"},{"@type":"Organization","@id":"https:\/\/www.ristorante-4fiumi.com\/de\/#organization","name":"Ristorante Pizzeria 4 Fiumi","url":"https:\/\/www.ristorante-4fiumi.com\/de\/","logo":{"@type":"ImageObject","inLanguage":"de","@id":"https:\/\/www.ristorante-4fiumi.com\/de\/#\/schema\/logo\/image\/","url":"https:\/\/www.ristorante-4fiumi.com\/wp-content\/uploads\/2018\/05\/ritorante-pizzeria-4-fiumi-logo.jpg","contentUrl":"https:\/\/www.ristorante-4fiumi.com\/wp-content\/uploads\/2018\/05\/ritorante-pizzeria-4-fiumi-logo.jpg","width":503,"height":653,"caption":"Ristorante Pizzeria 4 Fiumi"},"image":{"@id":"https:\/\/www.ristorante-4fiumi.com\/de\/#\/schema\/logo\/image\/"}}]}},"_links":{"self":[{"href":"https:\/\/www.ristorante-4fiumi.com\/de\/wp-json\/wp\/v2\/pages\/2994"}],"collection":[{"href":"https:\/\/www.ristorante-4fiumi.com\/de\/wp-json\/wp\/v2\/pages"}],"about":[{"href":"https:\/\/www.ristorante-4fiumi.com\/de\/wp-json\/wp\/v2\/types\/page"}],"author":[{"embeddable":true,"href":"https:\/\/www.ristorante-4fiumi.com\/de\/wp-json\/wp\/v2\/users\/3"}],"replies":[{"embeddable":true,"href":"https:\/\/www.ristorante-4fiumi.com\/de\/wp-json\/wp\/v2\/comments?post=2994"}],"version-history":[{"count":3,"href":"https:\/\/www.ristorante-4fiumi.com\/de\/wp-json\/wp\/v2\/pages\/2994\/revisions"}],"predecessor-version":[{"id":3001,"href":"https:\/\/www.ristorante-4fiumi.com\/de\/wp-json\/wp\/v2\/pages\/2994\/revisions\/3001"}],"wp:attachment":[{"href":"https:\/\/www.ristorante-4fiumi.com\/de\/wp-json\/wp\/v2\/media?parent=2994"}],"curies":[{"name":"wp","href":"https:\/\/api.w.org\/{rel}","templated":true}]}}