{"id":2718,"date":"2017-06-01T08:35:44","date_gmt":"2017-06-01T08:35:44","guid":{"rendered":"https:\/\/www.ristorante-4fiumi.com\/about\/"},"modified":"2020-01-14T12:39:04","modified_gmt":"2020-01-14T11:39:04","slug":"about","status":"publish","type":"page","link":"https:\/\/www.ristorante-4fiumi.com\/es\/about\/","title":{"rendered":"About"},"content":{"rendered":"[vc_row][vc_column][vc_empty_space height=\u00bb120&#8243;][\/vc_column][\/vc_row][vc_row css=\u00bb.vc_custom_1529079666554{margin-bottom: 80px !important;}\u00bb][vc_column width=\u00bb1\/4&#8243;][\/vc_column][vc_column width=\u00bb1\/2&#8243;][vc_column_text]\n<h3 style=\"text-align: center;\"><span class=\"underlined\" style=\"font-weight: 400;\">NUESTRA HISTORIA<\/span><\/h3>\n<p><span style=\"font-size: 22px;\">Tras organizar un gran n\u00famero de actividades a lo largo del tiempo, incluido un teatro, el 4 Fiumi nace en la planta baja del Palazzo De Cupis. En sus inicios, all\u00e1 por los a\u00f1os 60, el local se utilizaba como pizzer\u00eda y cervecer\u00eda, pero apenas unos a\u00f1os m\u00e1s tarde, se convirti\u00f3 en el restaurante pizzer\u00eda que ha sobrevivido hasta nuestros d\u00edas, sin perder ni un \u00e1pice de sus peculiaridades, tradici\u00f3n y atenci\u00f3n al detalle.<\/span>[\/vc_column_text][\/vc_column][vc_column width=\u00bb1\/4&#8243;][\/vc_column][\/vc_row][vc_row css=\u00bb.vc_custom_1498211926649{margin-bottom: 85px !important;}\u00bb][vc_column][vc_single_image image=\u00bb2204&#8243; img_size=\u00bbfull\u00bb alignment=\u00bbcenter\u00bb][vc_row_inner][vc_column_inner width=\u00bb1\/2&#8243;][vc_column_text]\n<h4><span class=\"underlined\" style=\"font-weight: 400;\">PALAZZO DE CUPIS EN PIAZZA NAVONA<\/span><\/h4>\n[\/vc_column_text][\/vc_column_inner][vc_column_inner width=\u00bb1\/2&#8243;][vc_column_text]<span style=\"font-size: 22px;\">El Palazzo De Cupis fue construido en la segunda mitad del siglo XV y pertenec\u00eda a Bernardino De Cupis. Posteriormente, se convirti\u00f3 en la residencia del cardenal Ascanio Sforza. En 1520, el cardenal Giandomenico De Cupis ampli\u00f3 su propiedad con la anexi\u00f3n del cercano hospicio alem\u00e1n. La fachada probablemente albergaba un gran n\u00famero de frescos. En su interior hab\u00eda dos patios de estilo antiguo. En el siglo XVIII, el palacio pas\u00f3 a manos de Ornano, quien abri\u00f3 un teatro all\u00ed mismo, luego de que varias personalidades y embajadores residieran all\u00ed. En 1748, se estableci\u00f3 la oficina del \u00abgobernador de Piazza Navona\u00bb, quien administraba la vida de la plaza y su mercado.<\/span>[\/vc_column_text][\/vc_column_inner][\/vc_row_inner][vc_row_inner gap=\u00bbyes\u00bb][vc_column_inner width=\u00bb1\/2&#8243;][vc_single_image image=\u00bb2102&#8243; img_size=\u00bb1280&#215;1600&#8243; css=\u00bb.vc_custom_1528981980824{padding-right: 20px !important;padding-left: 20px !important;}\u00bb][\/vc_column_inner][vc_column_inner width=\u00bb1\/2&#8243;][vc_single_image image=\u00bb2187&#8243; img_size=\u00bb1280&#215;1600&#8243; css=\u00bb.vc_custom_1528981990528{padding-right: 20px !important;padding-left: 20px !important;}\u00bb][\/vc_column_inner][\/vc_row_inner][\/vc_column][\/vc_row][vc_row css=\u00bb.vc_custom_1498209707370{margin-bottom: 120px !important;}\u00bb][vc_column width=\u00bb1\/4&#8243;][\/vc_column][vc_column width=\u00bb1\/2&#8243;][vc_column_text]\n<h3 style=\"text-align: center;\"><span class=\"underlined\" style=\"font-weight: 400;\">FILOSOF\u00cdA<\/span><\/h3>\n<p><span style=\"font-size: 22px;\">\u00bfQu\u00e9 m\u00e1s tenemos presente? Tu bienestar. En 4 Fiumi, estamos encantados de poner al cliente en el centro, ofreci\u00e9ndole las mejores materias primas para garantizarle platos de alta calidad y mucho m\u00e1s. Es un placer prestar atenci\u00f3n a cada gesto para ofrecerte una experiencia \u00fanica e inolvidable en el maravilloso entorno de Piazza Navona.<\/span>[\/vc_column_text][\/vc_column][vc_column width=\u00bb1\/4&#8243;][\/vc_column][\/vc_row][vc_row full_width=\u00bbstretch_row\u00bb overlay_color=\u00bbrgba(0,0,0,0.01)\u00bb css=\u00bb.vc_custom_1498211908274{margin-bottom: 120px !important;}\u00bb][vc_column][vc_row_inner equal_height=\u00bbyes\u00bb gap=\u00bbyes\u00bb][vc_column_inner el_class=\u00bbcolor-light\u00bb width=\u00bb1\/2&#8243; overlay_color=\u00bbrgba(202,41,62,0.95)\u00bb css=\u00bb.vc_custom_1496409900033{padding-top: 60px !important;padding-right: 60px !important;padding-bottom: 60px !important;padding-left: 60px !important;background-image: url(&#8216;http:\/\/marco.puruno.com\/images\/s1.jpg&#8217;) !important;background-position: center !important;background-repeat: no-repeat !important;background-size: cover !important;}\u00bb][vc_column_text]\n<h3 style=\"text-align: center;\"><span class=\"underlined\" style=\"font-weight: 400;\">MENU&#8217;<\/span><\/h3>\n<p><span style=\"font-size: 22px;\">El Restaurante 4 Fiumi es el destino ideal para aquellos que quieran degustar los platos t\u00edpicos de la tradici\u00f3n mediterr\u00e1nea inmersos en la Roma barroca de Piazza Navona.<br \/>\n<a href=\"https:\/\/www.ristorante-4fiumi.com\/es\/menu\/\">Ver el Men\u00f9<\/a>.<\/span>[\/vc_column_text][\/vc_column_inner][vc_column_inner width=\u00bb1\/2&#8243; css=\u00bb.vc_custom_1529315953188{background-image: url(https:\/\/www.ristorante-4fiumi.com\/wp-content\/uploads\/2018\/06\/risotto-crema-scampi-ristorante-4-fiumi-roma-e1528878509466.jpg?id=2116) !important;background-position: center !important;background-repeat: no-repeat !important;background-size: cover !important;}\u00bb][\/vc_column_inner][\/vc_row_inner][\/vc_column][\/vc_row]\n","protected":false},"excerpt":{"rendered":"<p>&#8230;<\/p>\n","protected":false},"author":3,"featured_media":2014,"parent":0,"menu_order":0,"comment_status":"closed","ping_status":"closed","template":"","meta":{"footnotes":""},"class_list":["post-2718","page","type-page","status-publish","has-post-thumbnail","hentry"],"yoast_head":"<!-- This site is optimized with the Yoast SEO plugin v23.1 - https:\/\/yoast.com\/wordpress\/plugins\/seo\/ -->\n<title>About - Restaurant &amp; Pizzeria 4 Fiumi - Piazza Navona Rome<\/title>\n<meta name=\"description\" content=\"After hosting multiple activities over time, including a theater, the 4 Fiumi comes to life on the ground floor of Palazzo De Cupis.\" \/>\n<meta name=\"robots\" content=\"index, follow, max-snippet:-1, max-image-preview:large, max-video-preview:-1\" \/>\n<link rel=\"canonical\" href=\"https:\/\/www.ristorante-4fiumi.com\/es\/about\/\" \/>\n<meta property=\"og:locale\" content=\"es_ES\" \/>\n<meta property=\"og:type\" content=\"article\" \/>\n<meta property=\"og:title\" content=\"About - Restaurant &amp; Pizzeria 4 Fiumi - Piazza Navona Rome\" \/>\n<meta property=\"og:description\" content=\"After hosting multiple activities over time, including a theater, the 4 Fiumi comes to life on the ground floor of Palazzo De Cupis.\" \/>\n<meta property=\"og:url\" content=\"https:\/\/www.ristorante-4fiumi.com\/es\/about\/\" \/>\n<meta property=\"og:site_name\" content=\"Restaurant &amp; Pizzeria 4 Fiumi - Piazza Navona Rome\" \/>\n<meta property=\"article:modified_time\" content=\"2020-01-14T11:39:04+00:00\" \/>\n<meta property=\"og:image\" content=\"https:\/\/www.ristorante-4fiumi.com\/wp-content\/uploads\/2018\/06\/ristorante-4-fiumi-foto-storica-e1529674964314.jpg\" \/>\n\t<meta property=\"og:image:width\" content=\"1119\" \/>\n\t<meta property=\"og:image:height\" content=\"510\" \/>\n\t<meta property=\"og:image:type\" content=\"image\/jpeg\" \/>\n<meta name=\"twitter:card\" content=\"summary_large_image\" \/>\n<meta name=\"twitter:label1\" content=\"Tiempo de lectura\" \/>\n\t<meta name=\"twitter:data1\" content=\"3 minutos\" \/>\n<script type=\"application\/ld+json\" class=\"yoast-schema-graph\">{\"@context\":\"https:\/\/schema.org\",\"@graph\":[{\"@type\":\"WebPage\",\"@id\":\"https:\/\/www.ristorante-4fiumi.com\/es\/about\/\",\"url\":\"https:\/\/www.ristorante-4fiumi.com\/es\/about\/\",\"name\":\"About - Restaurant &amp; Pizzeria 4 Fiumi - Piazza Navona Rome\",\"isPartOf\":{\"@id\":\"https:\/\/www.ristorante-4fiumi.com\/es\/#website\"},\"primaryImageOfPage\":{\"@id\":\"https:\/\/www.ristorante-4fiumi.com\/es\/about\/#primaryimage\"},\"image\":{\"@id\":\"https:\/\/www.ristorante-4fiumi.com\/es\/about\/#primaryimage\"},\"thumbnailUrl\":\"https:\/\/www.ristorante-4fiumi.com\/wp-content\/uploads\/2018\/06\/ristorante-4-fiumi-foto-storica-e1529674964314.jpg\",\"datePublished\":\"2017-06-01T08:35:44+00:00\",\"dateModified\":\"2020-01-14T11:39:04+00:00\",\"description\":\"After hosting multiple activities over time, including a theater, the 4 Fiumi comes to life on the ground floor of Palazzo De Cupis.\",\"breadcrumb\":{\"@id\":\"https:\/\/www.ristorante-4fiumi.com\/es\/about\/#breadcrumb\"},\"inLanguage\":\"es\",\"potentialAction\":[{\"@type\":\"ReadAction\",\"target\":[\"https:\/\/www.ristorante-4fiumi.com\/es\/about\/\"]}]},{\"@type\":\"ImageObject\",\"inLanguage\":\"es\",\"@id\":\"https:\/\/www.ristorante-4fiumi.com\/es\/about\/#primaryimage\",\"url\":\"https:\/\/www.ristorante-4fiumi.com\/wp-content\/uploads\/2018\/06\/ristorante-4-fiumi-foto-storica-e1529674964314.jpg\",\"contentUrl\":\"https:\/\/www.ristorante-4fiumi.com\/wp-content\/uploads\/2018\/06\/ristorante-4-fiumi-foto-storica-e1529674964314.jpg\",\"width\":1119,\"height\":510,\"caption\":\"ristorante-4-fiumi-foto-storica\"},{\"@type\":\"BreadcrumbList\",\"@id\":\"https:\/\/www.ristorante-4fiumi.com\/es\/about\/#breadcrumb\",\"itemListElement\":[{\"@type\":\"ListItem\",\"position\":1,\"name\":\"Home\",\"item\":\"https:\/\/www.ristorante-4fiumi.com\/es\/\"},{\"@type\":\"ListItem\",\"position\":2,\"name\":\"About\"}]},{\"@type\":\"WebSite\",\"@id\":\"https:\/\/www.ristorante-4fiumi.com\/es\/#website\",\"url\":\"https:\/\/www.ristorante-4fiumi.com\/es\/\",\"name\":\"Ristorante Pizzeria 4 Fiumi - Piazza Navona Roma\",\"description\":\"\",\"publisher\":{\"@id\":\"https:\/\/www.ristorante-4fiumi.com\/es\/#organization\"},\"potentialAction\":[{\"@type\":\"SearchAction\",\"target\":{\"@type\":\"EntryPoint\",\"urlTemplate\":\"https:\/\/www.ristorante-4fiumi.com\/es\/?s={search_term_string}\"},\"query-input\":\"required name=search_term_string\"}],\"inLanguage\":\"es\"},{\"@type\":\"Organization\",\"@id\":\"https:\/\/www.ristorante-4fiumi.com\/es\/#organization\",\"name\":\"Ristorante Pizzeria 4 Fiumi\",\"url\":\"https:\/\/www.ristorante-4fiumi.com\/es\/\",\"logo\":{\"@type\":\"ImageObject\",\"inLanguage\":\"es\",\"@id\":\"https:\/\/www.ristorante-4fiumi.com\/es\/#\/schema\/logo\/image\/\",\"url\":\"https:\/\/www.ristorante-4fiumi.com\/wp-content\/uploads\/2018\/05\/ritorante-pizzeria-4-fiumi-logo.jpg\",\"contentUrl\":\"https:\/\/www.ristorante-4fiumi.com\/wp-content\/uploads\/2018\/05\/ritorante-pizzeria-4-fiumi-logo.jpg\",\"width\":503,\"height\":653,\"caption\":\"Ristorante Pizzeria 4 Fiumi\"},\"image\":{\"@id\":\"https:\/\/www.ristorante-4fiumi.com\/es\/#\/schema\/logo\/image\/\"}}]}<\/script>\n<!-- \/ Yoast SEO plugin. -->","yoast_head_json":{"title":"About - Restaurant &amp; Pizzeria 4 Fiumi - Piazza Navona Rome","description":"After hosting multiple activities over time, including a theater, the 4 Fiumi comes to life on the ground floor of Palazzo De Cupis.","robots":{"index":"index","follow":"follow","max-snippet":"max-snippet:-1","max-image-preview":"max-image-preview:large","max-video-preview":"max-video-preview:-1"},"canonical":"https:\/\/www.ristorante-4fiumi.com\/es\/about\/","og_locale":"es_ES","og_type":"article","og_title":"About - Restaurant &amp; Pizzeria 4 Fiumi - Piazza Navona Rome","og_description":"After hosting multiple activities over time, including a theater, the 4 Fiumi comes to life on the ground floor of Palazzo De Cupis.","og_url":"https:\/\/www.ristorante-4fiumi.com\/es\/about\/","og_site_name":"Restaurant &amp; Pizzeria 4 Fiumi - Piazza Navona Rome","article_modified_time":"2020-01-14T11:39:04+00:00","og_image":[{"width":1119,"height":510,"url":"https:\/\/www.ristorante-4fiumi.com\/wp-content\/uploads\/2018\/06\/ristorante-4-fiumi-foto-storica-e1529674964314.jpg","type":"image\/jpeg"}],"twitter_card":"summary_large_image","twitter_misc":{"Tiempo de lectura":"3 minutos"},"schema":{"@context":"https:\/\/schema.org","@graph":[{"@type":"WebPage","@id":"https:\/\/www.ristorante-4fiumi.com\/es\/about\/","url":"https:\/\/www.ristorante-4fiumi.com\/es\/about\/","name":"About - Restaurant &amp; Pizzeria 4 Fiumi - Piazza Navona Rome","isPartOf":{"@id":"https:\/\/www.ristorante-4fiumi.com\/es\/#website"},"primaryImageOfPage":{"@id":"https:\/\/www.ristorante-4fiumi.com\/es\/about\/#primaryimage"},"image":{"@id":"https:\/\/www.ristorante-4fiumi.com\/es\/about\/#primaryimage"},"thumbnailUrl":"https:\/\/www.ristorante-4fiumi.com\/wp-content\/uploads\/2018\/06\/ristorante-4-fiumi-foto-storica-e1529674964314.jpg","datePublished":"2017-06-01T08:35:44+00:00","dateModified":"2020-01-14T11:39:04+00:00","description":"After hosting multiple activities over time, including a theater, the 4 Fiumi comes to life on the ground floor of Palazzo De Cupis.","breadcrumb":{"@id":"https:\/\/www.ristorante-4fiumi.com\/es\/about\/#breadcrumb"},"inLanguage":"es","potentialAction":[{"@type":"ReadAction","target":["https:\/\/www.ristorante-4fiumi.com\/es\/about\/"]}]},{"@type":"ImageObject","inLanguage":"es","@id":"https:\/\/www.ristorante-4fiumi.com\/es\/about\/#primaryimage","url":"https:\/\/www.ristorante-4fiumi.com\/wp-content\/uploads\/2018\/06\/ristorante-4-fiumi-foto-storica-e1529674964314.jpg","contentUrl":"https:\/\/www.ristorante-4fiumi.com\/wp-content\/uploads\/2018\/06\/ristorante-4-fiumi-foto-storica-e1529674964314.jpg","width":1119,"height":510,"caption":"ristorante-4-fiumi-foto-storica"},{"@type":"BreadcrumbList","@id":"https:\/\/www.ristorante-4fiumi.com\/es\/about\/#breadcrumb","itemListElement":[{"@type":"ListItem","position":1,"name":"Home","item":"https:\/\/www.ristorante-4fiumi.com\/es\/"},{"@type":"ListItem","position":2,"name":"About"}]},{"@type":"WebSite","@id":"https:\/\/www.ristorante-4fiumi.com\/es\/#website","url":"https:\/\/www.ristorante-4fiumi.com\/es\/","name":"Ristorante Pizzeria 4 Fiumi - Piazza Navona Roma","description":"","publisher":{"@id":"https:\/\/www.ristorante-4fiumi.com\/es\/#organization"},"potentialAction":[{"@type":"SearchAction","target":{"@type":"EntryPoint","urlTemplate":"https:\/\/www.ristorante-4fiumi.com\/es\/?s={search_term_string}"},"query-input":"required name=search_term_string"}],"inLanguage":"es"},{"@type":"Organization","@id":"https:\/\/www.ristorante-4fiumi.com\/es\/#organization","name":"Ristorante Pizzeria 4 Fiumi","url":"https:\/\/www.ristorante-4fiumi.com\/es\/","logo":{"@type":"ImageObject","inLanguage":"es","@id":"https:\/\/www.ristorante-4fiumi.com\/es\/#\/schema\/logo\/image\/","url":"https:\/\/www.ristorante-4fiumi.com\/wp-content\/uploads\/2018\/05\/ritorante-pizzeria-4-fiumi-logo.jpg","contentUrl":"https:\/\/www.ristorante-4fiumi.com\/wp-content\/uploads\/2018\/05\/ritorante-pizzeria-4-fiumi-logo.jpg","width":503,"height":653,"caption":"Ristorante Pizzeria 4 Fiumi"},"image":{"@id":"https:\/\/www.ristorante-4fiumi.com\/es\/#\/schema\/logo\/image\/"}}]}},"_links":{"self":[{"href":"https:\/\/www.ristorante-4fiumi.com\/es\/wp-json\/wp\/v2\/pages\/2718"}],"collection":[{"href":"https:\/\/www.ristorante-4fiumi.com\/es\/wp-json\/wp\/v2\/pages"}],"about":[{"href":"https:\/\/www.ristorante-4fiumi.com\/es\/wp-json\/wp\/v2\/types\/page"}],"author":[{"embeddable":true,"href":"https:\/\/www.ristorante-4fiumi.com\/es\/wp-json\/wp\/v2\/users\/3"}],"replies":[{"embeddable":true,"href":"https:\/\/www.ristorante-4fiumi.com\/es\/wp-json\/wp\/v2\/comments?post=2718"}],"version-history":[{"count":3,"href":"https:\/\/www.ristorante-4fiumi.com\/es\/wp-json\/wp\/v2\/pages\/2718\/revisions"}],"predecessor-version":[{"id":2725,"href":"https:\/\/www.ristorante-4fiumi.com\/es\/wp-json\/wp\/v2\/pages\/2718\/revisions\/2725"}],"wp:featuredmedia":[{"embeddable":true,"href":"https:\/\/www.ristorante-4fiumi.com\/es\/wp-json\/wp\/v2\/media\/2014"}],"wp:attachment":[{"href":"https:\/\/www.ristorante-4fiumi.com\/es\/wp-json\/wp\/v2\/media?parent=2718"}],"curies":[{"name":"wp","href":"https:\/\/api.w.org\/{rel}","templated":true}]}}