{"id":2463,"date":"2018-06-03T23:20:14","date_gmt":"2018-06-03T21:20:14","guid":{"rendered":"https:\/\/www.ristorante-4fiumi.com\/piazza-navona\/"},"modified":"2018-06-21T14:38:29","modified_gmt":"2018-06-21T12:38:29","slug":"piazza-navona","status":"publish","type":"page","link":"https:\/\/www.ristorante-4fiumi.com\/it\/piazza-navona\/","title":{"rendered":"Piazza Navona"},"content":{"rendered":"[vc_row][vc_column][vc_empty_space height=&#8221;120&#8243;][\/vc_column][\/vc_row][vc_row css=&#8221;.vc_custom_1498211926649{margin-bottom: 85px !important;}&#8221;][vc_column][vc_row_inner][vc_column_inner width=&#8221;1\/2&#8243;][vc_column_text]\n<h3><span class=\"underlined\" style=\"font-weight: 400;\">PIAZZA NAVONA<\/span><\/h3>\n[\/vc_column_text][\/vc_column_inner][vc_column_inner width=&#8221;1\/2&#8243;][vc_column_text]<strong>Piazza Navona<\/strong>\u00a0\u00e8 uno dei luoghi simbolo della capitale, certamente tra le piazze pi\u00f9 belle di\u00a0Roma.<br \/>\nLa piazza si trova sull\u2019antico\u00a0<strong>stadio di Domiziano<\/strong>, costruito nel 86 d.C. per ospitare gare sportive e spettacoli musicali. L\u2019arena\u00a0era di dimensioni notevoli, lunga almeno 270 metri e larga 55, tanto da essere in grado di contenere almeno 33 mila persone.<\/p>\n<p>Dopo essere stata restaurata prima dall\u2019imperatore\u00a0Alessandro Severo\u00a0e poi da Papa Innocenzo X, venne utilizzata fino all\u2019800 per ospitare celebrazioni, messe, ma anche spettacoli, bare ed anche battaglie navali. Il nome \u201cPiazza Navona\u201d deriva, infatti, dal termine latino \u201cin agone\u201d diventato poi nel corso del tempo Navona.<\/p>\n<p>L\u2019assetto attuale della piazza matur\u00f2 nel 1600, proprio grazie all\u2019intervento di Papa Innocenzo X, che fece realizzare la\u00a0chiesa di Sant\u2019Agnese\u00a0ed il\u00a0palazzo Pamphili, dedicato alla sua casata.<\/p>\n<p>Ornano Piazza Navona tre magnifiche fontane, si due lati si trovano la Fontana del Nettuno\u00a0realizzata da\u00a0Gregorio Zappal\u00e0 e Antonio della Bitta\u00a0(XIX secolo) e la Fontana del Moro\u00a0di\u00a0Giacomo della Porta.\u00a0Appartiene al Bernini la celebre\u00a0Fontana dei Quattro Fiumi\u00a0cui \u00e8 legata la leggenda della rivalit\u00e0 tra lo scultore e l\u2019architetto Borromini. La tradizione, infatti, racconta che la statua del Rio della Plata alzi il braccio per proteggersi dall\u2019inevitabile crollo della Chiesa di Sant\u2019Agnese.[\/vc_column_text][\/vc_column_inner][\/vc_row_inner][vc_row_inner content_placement=&#8221;middle&#8221; gap=&#8221;yes&#8221;][vc_column_inner width=&#8221;1\/2&#8243; css=&#8221;.vc_custom_1527668983928{padding-right: 10px !important;}&#8221;][vc_single_image image=&#8221;1946&#8243; img_size=&#8221;full&#8221; css=&#8221;.vc_custom_1527669625508{padding-right: 10px !important;}&#8221;][vc_single_image image=&#8221;1991&#8243; img_size=&#8221;full&#8221; css=&#8221;.vc_custom_1527669024420{padding-right: 10px !important;}&#8221;][\/vc_column_inner][vc_column_inner width=&#8221;1\/2&#8243;][vc_single_image image=&#8221;1945&#8243; img_size=&#8221;full&#8221; alignment=&#8221;right&#8221; css=&#8221;.vc_custom_1528385263709{padding-left: 10px !important;}&#8221;][vc_single_image image=&#8221;2002&#8243; img_size=&#8221;full&#8221; alignment=&#8221;right&#8221; css=&#8221;.vc_custom_1527669581626{padding-left: 10px !important;}&#8221;][\/vc_column_inner][\/vc_row_inner][\/vc_column][\/vc_row][vc_row css=&#8221;.vc_custom_1527668631023{margin-bottom: 60px !important;}&#8221;][vc_column width=&#8221;1\/4&#8243;][\/vc_column][vc_column width=&#8221;1\/2&#8243;][vc_column_text]\n<h3 style=\"text-align: center;\"><span class=\"underlined\">LA FONTANA DEI QUATTRO FIUMI<\/span><\/h3>\n<p>La\u00a0<strong>Fontana dei Fiumi<\/strong>, inaugurata nel 1651, risulta senza dubbio uno dei monumenti pi\u00f9 belli e famosi della Roma barocca e rappresenta i quattro grandi fiumi allora conosciuti. Il Gange, il Nilo, il Danubio e il Rio della Plata: quattro statue di marmo bianco, alte cinque metri, situate su masse sporgenti di travertino.<\/p>\n<p>Il Nilo, opera di G.A.Fancelli, presenta la singolarit\u00e0 di avere la testa velata perch\u00e9 le sue sorgenti erano allora sconosciute, anche se per il popolo, invece, esprimeva il disprezzo del\u00a0Bernini\u00a0per la vicina chiesa di S.Agnese in Agone, progettata dal suo rivale\u00a0Borromini, come anche il braccio alzato a protezione della testa del Rio della Plata, opera di\u00a0Francesco Baratta, esprimeva il timore ironico dell\u2019artista che la chiesa potesse crollare. Tali dicerie sono per\u00f2 destituite da ogni fondamento perch\u00e9 Bernini complet\u00f2 la fontana prima che Borromini iniziasse la chiesa.\u00a0 Infine, il Gange \u00e8 opera di\u00a0Claude Poussin\u00a0mentre il Danubio \u00e8 di\u00a0Antonio Raggi. Secondo l\u2019iscrizione voluta da Innocenzo X, il monumento intende magnificamente offrire \u201csalubre amenit\u00e0 a chi passeggia, bevanda a chi ha sete, esca a chi medita\u201d.[\/vc_column_text][\/vc_column][vc_column width=&#8221;1\/4&#8243;][\/vc_column][\/vc_row][vc_row full_width=&#8221;stretch_row&#8221; content_placement=&#8221;middle&#8221; parallax_image=&#8221;1984&#8243; css=&#8221;.vc_custom_1528967843461{padding-top: 500px !important;padding-right: 200px !important;padding-bottom: 500px !important;padding-left: 200px !important;}&#8221;][vc_column][\/vc_column][\/vc_row]\n","protected":false},"excerpt":{"rendered":"<p>Piazza Navona is one of the most beautiful and famous squares in Rome, where you can admire masterpieces by Bernini, Borromini and Giacomo della Porta, who were among the most important exponents of Baroque art<\/p>\n","protected":false},"author":3,"featured_media":1939,"parent":0,"menu_order":0,"comment_status":"closed","ping_status":"closed","template":"","meta":{"footnotes":""},"class_list":["post-2463","page","type-page","status-publish","has-post-thumbnail","hentry"],"yoast_head":"<!-- This site is optimized with the Yoast SEO plugin v23.1 - https:\/\/yoast.com\/wordpress\/plugins\/seo\/ -->\n<title>Piazza Navona - Ristorante 4 Fiumi<\/title>\n<meta name=\"description\" content=\"Piazza Navona \u00e8 una delle pi\u00f9 belle e famose piazze di Roma, dove puoi ammirate capolavori di Bernini, Borromini and Giacomo della Porta.\" \/>\n<meta name=\"robots\" content=\"index, follow, max-snippet:-1, max-image-preview:large, max-video-preview:-1\" \/>\n<link rel=\"canonical\" href=\"https:\/\/www.ristorante-4fiumi.com\/it\/piazza-navona\/\" \/>\n<meta property=\"og:locale\" content=\"it_IT\" \/>\n<meta property=\"og:type\" content=\"article\" \/>\n<meta property=\"og:title\" content=\"Piazza Navona - Ristorante 4 Fiumi\" \/>\n<meta property=\"og:description\" content=\"Piazza Navona \u00e8 una delle pi\u00f9 belle e famose piazze di Roma, dove puoi ammirate capolavori di Bernini, Borromini and Giacomo della Porta.\" \/>\n<meta property=\"og:url\" content=\"https:\/\/www.ristorante-4fiumi.com\/it\/piazza-navona\/\" \/>\n<meta property=\"og:site_name\" content=\"Restaurant &amp; Pizzeria 4 Fiumi - Piazza Navona Rome\" \/>\n<meta property=\"article:modified_time\" content=\"2018-06-21T12:38:29+00:00\" \/>\n<meta property=\"og:image\" content=\"https:\/\/www.ristorante-4fiumi.com\/wp-content\/uploads\/2018\/05\/piazza-navona-artisti.jpg\" \/>\n\t<meta property=\"og:image:width\" content=\"1600\" \/>\n\t<meta property=\"og:image:height\" content=\"900\" \/>\n\t<meta property=\"og:image:type\" content=\"image\/jpeg\" \/>\n<meta name=\"twitter:card\" content=\"summary_large_image\" \/>\n<meta name=\"twitter:label1\" content=\"Tempo di lettura stimato\" \/>\n\t<meta name=\"twitter:data1\" content=\"3 minuti\" \/>\n<script type=\"application\/ld+json\" class=\"yoast-schema-graph\">{\"@context\":\"https:\/\/schema.org\",\"@graph\":[{\"@type\":\"WebPage\",\"@id\":\"https:\/\/www.ristorante-4fiumi.com\/it\/piazza-navona\/\",\"url\":\"https:\/\/www.ristorante-4fiumi.com\/it\/piazza-navona\/\",\"name\":\"Piazza Navona - Ristorante 4 Fiumi\",\"isPartOf\":{\"@id\":\"https:\/\/www.ristorante-4fiumi.com\/it\/#website\"},\"primaryImageOfPage\":{\"@id\":\"https:\/\/www.ristorante-4fiumi.com\/it\/piazza-navona\/#primaryimage\"},\"image\":{\"@id\":\"https:\/\/www.ristorante-4fiumi.com\/it\/piazza-navona\/#primaryimage\"},\"thumbnailUrl\":\"https:\/\/www.ristorante-4fiumi.com\/wp-content\/uploads\/2018\/05\/piazza-navona-artisti.jpg\",\"datePublished\":\"2018-06-03T21:20:14+00:00\",\"dateModified\":\"2018-06-21T12:38:29+00:00\",\"description\":\"Piazza Navona \u00e8 una delle pi\u00f9 belle e famose piazze di Roma, dove puoi ammirate capolavori di Bernini, Borromini and Giacomo della Porta.\",\"breadcrumb\":{\"@id\":\"https:\/\/www.ristorante-4fiumi.com\/it\/piazza-navona\/#breadcrumb\"},\"inLanguage\":\"it-IT\",\"potentialAction\":[{\"@type\":\"ReadAction\",\"target\":[\"https:\/\/www.ristorante-4fiumi.com\/it\/piazza-navona\/\"]}]},{\"@type\":\"ImageObject\",\"inLanguage\":\"it-IT\",\"@id\":\"https:\/\/www.ristorante-4fiumi.com\/it\/piazza-navona\/#primaryimage\",\"url\":\"https:\/\/www.ristorante-4fiumi.com\/wp-content\/uploads\/2018\/05\/piazza-navona-artisti.jpg\",\"contentUrl\":\"https:\/\/www.ristorante-4fiumi.com\/wp-content\/uploads\/2018\/05\/piazza-navona-artisti.jpg\",\"width\":1600,\"height\":900,\"caption\":\"piazza-navona-square\"},{\"@type\":\"BreadcrumbList\",\"@id\":\"https:\/\/www.ristorante-4fiumi.com\/it\/piazza-navona\/#breadcrumb\",\"itemListElement\":[{\"@type\":\"ListItem\",\"position\":1,\"name\":\"Home\",\"item\":\"https:\/\/www.ristorante-4fiumi.com\/it\/\"},{\"@type\":\"ListItem\",\"position\":2,\"name\":\"Piazza Navona\"}]},{\"@type\":\"WebSite\",\"@id\":\"https:\/\/www.ristorante-4fiumi.com\/it\/#website\",\"url\":\"https:\/\/www.ristorante-4fiumi.com\/it\/\",\"name\":\"Ristorante Pizzeria 4 Fiumi - Piazza Navona Roma\",\"description\":\"\",\"publisher\":{\"@id\":\"https:\/\/www.ristorante-4fiumi.com\/it\/#organization\"},\"potentialAction\":[{\"@type\":\"SearchAction\",\"target\":{\"@type\":\"EntryPoint\",\"urlTemplate\":\"https:\/\/www.ristorante-4fiumi.com\/it\/?s={search_term_string}\"},\"query-input\":\"required name=search_term_string\"}],\"inLanguage\":\"it-IT\"},{\"@type\":\"Organization\",\"@id\":\"https:\/\/www.ristorante-4fiumi.com\/it\/#organization\",\"name\":\"Ristorante Pizzeria 4 Fiumi\",\"url\":\"https:\/\/www.ristorante-4fiumi.com\/it\/\",\"logo\":{\"@type\":\"ImageObject\",\"inLanguage\":\"it-IT\",\"@id\":\"https:\/\/www.ristorante-4fiumi.com\/it\/#\/schema\/logo\/image\/\",\"url\":\"https:\/\/www.ristorante-4fiumi.com\/wp-content\/uploads\/2018\/05\/ritorante-pizzeria-4-fiumi-logo.jpg\",\"contentUrl\":\"https:\/\/www.ristorante-4fiumi.com\/wp-content\/uploads\/2018\/05\/ritorante-pizzeria-4-fiumi-logo.jpg\",\"width\":503,\"height\":653,\"caption\":\"Ristorante Pizzeria 4 Fiumi\"},\"image\":{\"@id\":\"https:\/\/www.ristorante-4fiumi.com\/it\/#\/schema\/logo\/image\/\"}}]}<\/script>\n<!-- \/ Yoast SEO plugin. -->","yoast_head_json":{"title":"Piazza Navona - Ristorante 4 Fiumi","description":"Piazza Navona \u00e8 una delle pi\u00f9 belle e famose piazze di Roma, dove puoi ammirate capolavori di Bernini, Borromini and Giacomo della Porta.","robots":{"index":"index","follow":"follow","max-snippet":"max-snippet:-1","max-image-preview":"max-image-preview:large","max-video-preview":"max-video-preview:-1"},"canonical":"https:\/\/www.ristorante-4fiumi.com\/it\/piazza-navona\/","og_locale":"it_IT","og_type":"article","og_title":"Piazza Navona - Ristorante 4 Fiumi","og_description":"Piazza Navona \u00e8 una delle pi\u00f9 belle e famose piazze di Roma, dove puoi ammirate capolavori di Bernini, Borromini and Giacomo della Porta.","og_url":"https:\/\/www.ristorante-4fiumi.com\/it\/piazza-navona\/","og_site_name":"Restaurant &amp; Pizzeria 4 Fiumi - Piazza Navona Rome","article_modified_time":"2018-06-21T12:38:29+00:00","og_image":[{"width":1600,"height":900,"url":"https:\/\/www.ristorante-4fiumi.com\/wp-content\/uploads\/2018\/05\/piazza-navona-artisti.jpg","type":"image\/jpeg"}],"twitter_card":"summary_large_image","twitter_misc":{"Tempo di lettura stimato":"3 minuti"},"schema":{"@context":"https:\/\/schema.org","@graph":[{"@type":"WebPage","@id":"https:\/\/www.ristorante-4fiumi.com\/it\/piazza-navona\/","url":"https:\/\/www.ristorante-4fiumi.com\/it\/piazza-navona\/","name":"Piazza Navona - Ristorante 4 Fiumi","isPartOf":{"@id":"https:\/\/www.ristorante-4fiumi.com\/it\/#website"},"primaryImageOfPage":{"@id":"https:\/\/www.ristorante-4fiumi.com\/it\/piazza-navona\/#primaryimage"},"image":{"@id":"https:\/\/www.ristorante-4fiumi.com\/it\/piazza-navona\/#primaryimage"},"thumbnailUrl":"https:\/\/www.ristorante-4fiumi.com\/wp-content\/uploads\/2018\/05\/piazza-navona-artisti.jpg","datePublished":"2018-06-03T21:20:14+00:00","dateModified":"2018-06-21T12:38:29+00:00","description":"Piazza Navona \u00e8 una delle pi\u00f9 belle e famose piazze di Roma, dove puoi ammirate capolavori di Bernini, Borromini and Giacomo della Porta.","breadcrumb":{"@id":"https:\/\/www.ristorante-4fiumi.com\/it\/piazza-navona\/#breadcrumb"},"inLanguage":"it-IT","potentialAction":[{"@type":"ReadAction","target":["https:\/\/www.ristorante-4fiumi.com\/it\/piazza-navona\/"]}]},{"@type":"ImageObject","inLanguage":"it-IT","@id":"https:\/\/www.ristorante-4fiumi.com\/it\/piazza-navona\/#primaryimage","url":"https:\/\/www.ristorante-4fiumi.com\/wp-content\/uploads\/2018\/05\/piazza-navona-artisti.jpg","contentUrl":"https:\/\/www.ristorante-4fiumi.com\/wp-content\/uploads\/2018\/05\/piazza-navona-artisti.jpg","width":1600,"height":900,"caption":"piazza-navona-square"},{"@type":"BreadcrumbList","@id":"https:\/\/www.ristorante-4fiumi.com\/it\/piazza-navona\/#breadcrumb","itemListElement":[{"@type":"ListItem","position":1,"name":"Home","item":"https:\/\/www.ristorante-4fiumi.com\/it\/"},{"@type":"ListItem","position":2,"name":"Piazza Navona"}]},{"@type":"WebSite","@id":"https:\/\/www.ristorante-4fiumi.com\/it\/#website","url":"https:\/\/www.ristorante-4fiumi.com\/it\/","name":"Ristorante Pizzeria 4 Fiumi - Piazza Navona Roma","description":"","publisher":{"@id":"https:\/\/www.ristorante-4fiumi.com\/it\/#organization"},"potentialAction":[{"@type":"SearchAction","target":{"@type":"EntryPoint","urlTemplate":"https:\/\/www.ristorante-4fiumi.com\/it\/?s={search_term_string}"},"query-input":"required name=search_term_string"}],"inLanguage":"it-IT"},{"@type":"Organization","@id":"https:\/\/www.ristorante-4fiumi.com\/it\/#organization","name":"Ristorante Pizzeria 4 Fiumi","url":"https:\/\/www.ristorante-4fiumi.com\/it\/","logo":{"@type":"ImageObject","inLanguage":"it-IT","@id":"https:\/\/www.ristorante-4fiumi.com\/it\/#\/schema\/logo\/image\/","url":"https:\/\/www.ristorante-4fiumi.com\/wp-content\/uploads\/2018\/05\/ritorante-pizzeria-4-fiumi-logo.jpg","contentUrl":"https:\/\/www.ristorante-4fiumi.com\/wp-content\/uploads\/2018\/05\/ritorante-pizzeria-4-fiumi-logo.jpg","width":503,"height":653,"caption":"Ristorante Pizzeria 4 Fiumi"},"image":{"@id":"https:\/\/www.ristorante-4fiumi.com\/it\/#\/schema\/logo\/image\/"}}]}},"_links":{"self":[{"href":"https:\/\/www.ristorante-4fiumi.com\/it\/wp-json\/wp\/v2\/pages\/2463"}],"collection":[{"href":"https:\/\/www.ristorante-4fiumi.com\/it\/wp-json\/wp\/v2\/pages"}],"about":[{"href":"https:\/\/www.ristorante-4fiumi.com\/it\/wp-json\/wp\/v2\/types\/page"}],"author":[{"embeddable":true,"href":"https:\/\/www.ristorante-4fiumi.com\/it\/wp-json\/wp\/v2\/users\/3"}],"replies":[{"embeddable":true,"href":"https:\/\/www.ristorante-4fiumi.com\/it\/wp-json\/wp\/v2\/comments?post=2463"}],"version-history":[{"count":2,"href":"https:\/\/www.ristorante-4fiumi.com\/it\/wp-json\/wp\/v2\/pages\/2463\/revisions"}],"predecessor-version":[{"id":2466,"href":"https:\/\/www.ristorante-4fiumi.com\/it\/wp-json\/wp\/v2\/pages\/2463\/revisions\/2466"}],"wp:featuredmedia":[{"embeddable":true,"href":"https:\/\/www.ristorante-4fiumi.com\/it\/wp-json\/wp\/v2\/media\/1939"}],"wp:attachment":[{"href":"https:\/\/www.ristorante-4fiumi.com\/it\/wp-json\/wp\/v2\/media?parent=2463"}],"curies":[{"name":"wp","href":"https:\/\/api.w.org\/{rel}","templated":true}]}}